{"id":637,"date":"2018-11-30T14:03:38","date_gmt":"2018-11-30T14:03:38","guid":{"rendered":"http:\/\/skylinepipes.com\/?page_id=637"},"modified":"2024-01-05T03:40:48","modified_gmt":"2024-01-05T03:40:48","slug":"cold-drawn-seamless-tube","status":"publish","type":"page","link":"https:\/\/skylinepipes.com\/es\/cold-drawn-seamless-tube\/","title":{"rendered":"Estirado en fr\u00edo sin soldadura del Tubo | de estirado en Fr\u00edo de Tubos | Tubo de CDS"},"content":{"rendered":"<p>Trefilado en fr\u00edo de tubos sin costura (CDS Tubo) es ampliamente utilizado como mec\u00e1nico de la tuber\u00eda en diversas industrias. Incons\u00fatil retirado a fr\u00edo del tubo est\u00e1 fabricado de acero de aleaci\u00f3n y aceros al carbono estructurales o mec\u00e1nicos, incluyendo mecanizado o de tratamiento de calor, en el que cerca de las tolerancias, acabado liso, o de ciertas propiedades f\u00edsicas son factores importantes.<\/p>\n<p>Como uno de los mejores de calidad de precisi\u00f3n de los fabricantes de tuber\u00eda, Horizonte de Tuber\u00edas tiene una gran capacidad de producci\u00f3n de tubos sin soldadura retirado a fr\u00edo.<\/p>\n<p>Nuestro estirado en fr\u00edo sin soldadura tubo est\u00e1 hecho de perforaci\u00f3n de laminado en caliente de la barra redonda, el proceso del dibujo fr\u00edo aumenta el tubo de propiedades mec\u00e1nicas y reducir el costo y el tiempo de proceso de mecanizado. Retirado a fr\u00edo incons\u00fatil de la tuber\u00eda tiene un mucho mejor uniformado de di\u00e1metro Exterior y el Di\u00e1metro Interior, mejor acabado de la superficie, el aumento de las propiedades mec\u00e1nicas, alta durabilidad, y preciser tolerancias en comparaci\u00f3n con laminado en caliente o extrudidas en caliente de los tubos.<\/p>\n<h2><span style=\"font-size: 14pt;\">Nuestro tubo retirado a Fr\u00edo est\u00e1 disponible en una amplia gama de grados de acero<\/span><\/h2>\n<p>De carbono grados de acero: SAE 1020, 1026, 1035; a 106 grado a, B, C; E 355, ST 52, SAN 37.4, y as\u00ed sucesivamente.<\/p>\n<p>Acero inoxidable de grado: 304 \/ 304L, 316 \/ 316L, 316 Ti, 321\/321H; 1.4301 \/1.4307, 1.4401\/1.4404, 1.4541, 1.4571;<\/p>\n<h2><span style=\"font-size: 14pt;\">Especificaciones t\u00e9cnicas de los CDS de Tubo<\/span><\/h2>\n<p>Nuestra fabrica el tubo estirado en fr\u00edo de acuerdo con la mayor\u00eda de los est\u00e1ndares m\u00e1s populares en el mundo, tales como ASTM A519, EN 10305-1, EN 10216-2, EN 10216-5, DIN 2391, DIN 1630, etc.<\/p>\n<h2><span style=\"font-size: 14pt;\">Rango De Tama\u00f1o:<\/span><\/h2>\n<p>Nos fabricaci\u00f3n de acero retirado a fr\u00edo del tubo en una amplia gama de m\u00e9trica tama\u00f1o de O. D 12 mm a O. D 400 mm; y la imperial tama\u00f1o de 1.50&#034;OD 16.00&#034; OD;<\/p>\n<p>Y la longitud de los CDS de tubo puede ser de longitud aleatoria de longitud fija o hasta 16 metros.<\/p>\n<h2><span style=\"font-size: 14pt;\">Ventajas de estirado en Fr\u00edo sin soldadura de Tubo Mec\u00e1nico:<\/span><\/h2>\n<p>Fuerza de alto rendimiento<br \/>\nAcabado de superficie lisa<br \/>\nMejores propiedades mec\u00e1nicas<br \/>\nLa alta precisi\u00f3n de la dimensi\u00f3n de la tolerancia y la pendiente de la micro-estructura de la uniformidad<br \/>\nListo para Perfeccionar, adecuado para perfeccionar el proceso de producci\u00f3n de <a href=\"https:\/\/skylinepipes.com\/es\/honed-tube\/\">pulido tubo<\/a>.<br \/>\nTolerancias, lo que reduce el tiempo de m\u00e1quina<\/p>\n<h2><span style=\"font-size: 14pt;\">Las principales aplicaciones de estirado en fr\u00edo sin soldadura del tubo<\/span><\/h2>\n<p>Nuestra retirada a fr\u00edo de la tuber\u00eda de acero es ampliamente utilizada como la mec\u00e1nica, tuber\u00eda de presi\u00f3n de tubo o tubos que requieren de un mayor espesor de la pared. Y nuestra f\u00e1brica tambi\u00e9n el uso de un buen n\u00famero de nuestros CDS de tubos para producir tubos bru\u00f1idos.<\/p>\n<p><strong><span style=\"color: #ff6600;\">Quiere el \u00faltimo precio de los CDS de tubo? Por favor, p\u00f3ngase en contacto con nosotros a trav\u00e9s de correo electr\u00f3nico a continuaci\u00f3n.<\/span><\/strong><\/p>\n<p><strong><span style=\"color: #ff6600;\">las ventas en skylinepipes.com<\/span><\/strong><\/p>","protected":false},"excerpt":{"rendered":"<p>Cold Drawn Seamless Tube (CDS Tube) is widely used as mechanical tubing in various industries.\u00a0\u00a0Seamless cold drawn tube is manufactured from alloy steel and carbon steels for structural or other mechanical purpose including machining or heat treating, in which close tolerances, smooth finish, or certain physical properties are important factors. As one of the top &#8230; <a title=\"Estirado en fr\u00edo sin soldadura del Tubo | de estirado en Fr\u00edo de Tubos | Tubo de CDS\" class=\"read-more\" href=\"https:\/\/skylinepipes.com\/es\/cold-drawn-seamless-tube\/\" aria-label=\"Leer m\u00e1s sobre Cold Drawn Seamless Tube | Cold Drawn Tubes | CDS Tube\">Leer m\u00e1s<\/a><\/p>","protected":false},"author":1,"featured_media":800,"parent":0,"menu_order":0,"comment_status":"closed","ping_status":"closed","template":"","meta":{"nf_dc_page":"","_monsterinsights_skip_tracking":false,"_monsterinsights_sitenote_active":false,"_monsterinsights_sitenote_note":"","_monsterinsights_sitenote_category":0,"jetpack_post_was_ever_published":false,"footnotes":""},"class_list":["post-637","page","type-page","status-publish","has-post-thumbnail"],"jetpack_sharing_enabled":true,"jetpack_shortlink":"https:\/\/wp.me\/P9PcUV-ah","jetpack-related-posts":[{"id":569,"url":"https:\/\/skylinepipes.com\/es\/honed-tube-manufacturer\/","url_meta":{"origin":637,"position":0},"title":"Manufactuer of Honed tube, chrome plated bar, customized hydraulic cylinders, telescopic cylinders.","author":"admin","date":"julio 3, 2018","format":false,"excerpt":"As the leading China hydraulic cylinder and hydraulic cylinder material manufacturer and supplier, Skyline Precision Steel Pipe Manufacturing Co., Ltd produces and supplies high precision steel honed tubes, honed tubing, chrome plated bar, chrome plated tubes, full hydraulic cylinders and hydraulic cylinder parts for hydraulic applications for nearly 30 years.Our\u2026","rel":"","context":"Entrada similar","block_context":{"text":"Entrada similar","link":""},"img":{"alt_text":"Honed-tube-manufacturer-honed-tube-suppliers","src":"https:\/\/i0.wp.com\/skylinepipes.com\/wp-content\/uploads\/2019\/09\/Honed-tube-manufacturer-honed-tube-suppliers.jpg?fit=815%2C326&ssl=1&resize=350%2C200","width":350,"height":200,"srcset":"https:\/\/i0.wp.com\/skylinepipes.com\/wp-content\/uploads\/2019\/09\/Honed-tube-manufacturer-honed-tube-suppliers.jpg?fit=815%2C326&ssl=1&resize=350%2C200 1x, https:\/\/i0.wp.com\/skylinepipes.com\/wp-content\/uploads\/2019\/09\/Honed-tube-manufacturer-honed-tube-suppliers.jpg?fit=815%2C326&ssl=1&resize=525%2C300 1.5x, https:\/\/i0.wp.com\/skylinepipes.com\/wp-content\/uploads\/2019\/09\/Honed-tube-manufacturer-honed-tube-suppliers.jpg?fit=815%2C326&ssl=1&resize=700%2C400 2x"},"classes":[]},{"id":12103,"url":"https:\/\/skylinepipes.com\/es\/who-are-the-honed-tube-suppliers-near-mexico\/","url_meta":{"origin":637,"position":1},"title":"Who are the Honed tube suppliers near Mexico\uff1f","author":"admin","date":"marzo 13, 2023","format":false,"excerpt":"\u00a0 Honed tube is widely used as hydraulic cylinder barrel to produce and repair hydraulic cylinders and pneumatic cylinders, which are widely used in many different machines. There are a lot of machinery manufacturing companies in Mexico, including some hydraulic cylinder manufacturers. So the Mexico companies use a huge number\u2026","rel":"","context":"Entrada similar","block_context":{"text":"Entrada similar","link":""},"img":{"alt_text":"hydraulic cylinder tubes, honed tubes","src":"https:\/\/i0.wp.com\/skylinepipes.com\/wp-content\/uploads\/2023\/03\/MLU5S1T3P0%40EEXNDOYB.png?resize=350%2C200&ssl=1","width":350,"height":200,"srcset":"https:\/\/i0.wp.com\/skylinepipes.com\/wp-content\/uploads\/2023\/03\/MLU5S1T3P0%40EEXNDOYB.png?resize=350%2C200&ssl=1 1x, https:\/\/i0.wp.com\/skylinepipes.com\/wp-content\/uploads\/2023\/03\/MLU5S1T3P0%40EEXNDOYB.png?resize=525%2C300&ssl=1 1.5x, https:\/\/i0.wp.com\/skylinepipes.com\/wp-content\/uploads\/2023\/03\/MLU5S1T3P0%40EEXNDOYB.png?resize=700%2C400&ssl=1 2x"},"classes":[]},{"id":12114,"url":"https:\/\/skylinepipes.com\/es\/who-are-the-honed-tube-suppliers-near-belarus\/","url_meta":{"origin":637,"position":2},"title":"Who are the Honed tube suppliers near Belarus?","author":"admin","date":"marzo 13, 2023","format":false,"excerpt":"Honed tube is extensively utilized as hydraulic cylinder barrel for producing and repairing hydraulic and pneumatic cylinders, which are integral components of numerous machines. Belarus boasts a significant number of machinery manufacturing companies, including renowned hydraulic cylinder manufacturers. Consequently, these companies require a substantial volume of honed tubes annually. To\u2026","rel":"","context":"Entrada similar","block_context":{"text":"Entrada similar","link":""},"img":{"alt_text":"honed tube suppliers, chrome plated bar supplier","src":"https:\/\/i0.wp.com\/skylinepipes.com\/wp-content\/uploads\/2023\/03\/1B%40OA_CS%40D_5%4027EMT.jpg?resize=350%2C200&ssl=1","width":350,"height":200,"srcset":"https:\/\/i0.wp.com\/skylinepipes.com\/wp-content\/uploads\/2023\/03\/1B%40OA_CS%40D_5%4027EMT.jpg?resize=350%2C200&ssl=1 1x, https:\/\/i0.wp.com\/skylinepipes.com\/wp-content\/uploads\/2023\/03\/1B%40OA_CS%40D_5%4027EMT.jpg?resize=525%2C300&ssl=1 1.5x, https:\/\/i0.wp.com\/skylinepipes.com\/wp-content\/uploads\/2023\/03\/1B%40OA_CS%40D_5%4027EMT.jpg?resize=700%2C400&ssl=1 2x, https:\/\/i0.wp.com\/skylinepipes.com\/wp-content\/uploads\/2023\/03\/1B%40OA_CS%40D_5%4027EMT.jpg?resize=1050%2C600&ssl=1 3x, https:\/\/i0.wp.com\/skylinepipes.com\/wp-content\/uploads\/2023\/03\/1B%40OA_CS%40D_5%4027EMT.jpg?resize=1400%2C800&ssl=1 4x"},"classes":[]},{"id":642,"url":"https:\/\/skylinepipes.com\/es\/product-center\/","url_meta":{"origin":637,"position":3},"title":"Todos Los Productos","author":"admin","date":"julio 5, 2018","format":false,"excerpt":"Skyline Pipes is the leading manufacturer of honed tubes, we manufacture and supply \u00a0honed tubes, chrome plated hard bar, cold drawn seamless tubes (CDS tube), hydraulic cylinder tubes, DOM tubes, SRB tubes, ..., etc as below.","rel":"","context":"Entrada similar","block_context":{"text":"Entrada similar","link":""},"img":{"alt_text":"","src":"","width":0,"height":0},"classes":[]},{"id":846,"url":"https:\/\/skylinepipes.com\/es\/chrome-plated-tubes-hollow-bars\/","url_meta":{"origin":637,"position":4},"title":"Cromado tubo | Cromado barra hueca | Cromado tubo de acero de la F\u00e1brica del proveedor","author":"admin","date":"noviembre 30, 2018","format":false,"excerpt":"Chrome plated tubing general IntroductionChrome plated tubing usually refers to the chrome plated OD tubing, it is known as chrome plated hollow bar also, and this is another important material than chrome plated rod\u00a0to manufacture the hydraulic piston rods. With chrome plated tube, people can greatly reduce the weight of\u2026","rel":"","context":"Entrada similar","block_context":{"text":"Entrada similar","link":""},"img":{"alt_text":"Chrome-plated-tube, chrome plated tubing, chrome plated hollow bar","src":"https:\/\/i0.wp.com\/skylinepipes.com\/wp-content\/uploads\/2018\/11\/Chrome-plated-tube-1.jpg?fit=1146%2C284&ssl=1&resize=350%2C200","width":350,"height":200,"srcset":"https:\/\/i0.wp.com\/skylinepipes.com\/wp-content\/uploads\/2018\/11\/Chrome-plated-tube-1.jpg?fit=1146%2C284&ssl=1&resize=350%2C200 1x, https:\/\/i0.wp.com\/skylinepipes.com\/wp-content\/uploads\/2018\/11\/Chrome-plated-tube-1.jpg?fit=1146%2C284&ssl=1&resize=525%2C300 1.5x, https:\/\/i0.wp.com\/skylinepipes.com\/wp-content\/uploads\/2018\/11\/Chrome-plated-tube-1.jpg?fit=1146%2C284&ssl=1&resize=700%2C400 2x, https:\/\/i0.wp.com\/skylinepipes.com\/wp-content\/uploads\/2018\/11\/Chrome-plated-tube-1.jpg?fit=1146%2C284&ssl=1&resize=1050%2C600 3x"},"classes":[]},{"id":633,"url":"https:\/\/skylinepipes.com\/es\/honed-tube\/","url_meta":{"origin":637,"position":5},"title":"Tubo de cilindro hidr\u00e1ulico| Tuber\u00eda de cilindro pulido","author":"admin","date":"julio 5, 2018","format":false,"excerpt":"Honed Tube \/ Hydraulic Cylinder Tube Brief Introduction Honed tube is well known as hydraulic cylinder tube in many industries. This is because honed tube is ready to use for hydraulic cylinder applications without further ID processing. This product is the most important materials for manufacturing hydraulic cylinders. And as\u2026","rel":"","context":"Entrada similar","block_context":{"text":"Entrada similar","link":""},"img":{"alt_text":"Honed tube, cylinder tubes, honed_tubing, honed_pipe","src":"https:\/\/i0.wp.com\/skylinepipes.com\/wp-content\/uploads\/2018\/09\/Honed_tube-cylinder_tube-honed_tubing-honed_pipe1.jpg?fit=1200%2C350&ssl=1&resize=350%2C200","width":350,"height":200,"srcset":"https:\/\/i0.wp.com\/skylinepipes.com\/wp-content\/uploads\/2018\/09\/Honed_tube-cylinder_tube-honed_tubing-honed_pipe1.jpg?fit=1200%2C350&ssl=1&resize=350%2C200 1x, https:\/\/i0.wp.com\/skylinepipes.com\/wp-content\/uploads\/2018\/09\/Honed_tube-cylinder_tube-honed_tubing-honed_pipe1.jpg?fit=1200%2C350&ssl=1&resize=525%2C300 1.5x, https:\/\/i0.wp.com\/skylinepipes.com\/wp-content\/uploads\/2018\/09\/Honed_tube-cylinder_tube-honed_tubing-honed_pipe1.jpg?fit=1200%2C350&ssl=1&resize=700%2C400 2x, https:\/\/i0.wp.com\/skylinepipes.com\/wp-content\/uploads\/2018\/09\/Honed_tube-cylinder_tube-honed_tubing-honed_pipe1.jpg?fit=1200%2C350&ssl=1&resize=1050%2C600 3x"},"classes":[]}],"_links":{"self":[{"href":"https:\/\/skylinepipes.com\/es\/wp-json\/wp\/v2\/pages\/637","targetHints":{"allow":["GET"]}}],"collection":[{"href":"https:\/\/skylinepipes.com\/es\/wp-json\/wp\/v2\/pages"}],"about":[{"href":"https:\/\/skylinepipes.com\/es\/wp-json\/wp\/v2\/types\/page"}],"author":[{"embeddable":true,"href":"https:\/\/skylinepipes.com\/es\/wp-json\/wp\/v2\/users\/1"}],"replies":[{"embeddable":true,"href":"https:\/\/skylinepipes.com\/es\/wp-json\/wp\/v2\/comments?post=637"}],"version-history":[{"count":8,"href":"https:\/\/skylinepipes.com\/es\/wp-json\/wp\/v2\/pages\/637\/revisions"}],"predecessor-version":[{"id":911,"href":"https:\/\/skylinepipes.com\/es\/wp-json\/wp\/v2\/pages\/637\/revisions\/911"}],"wp:featuredmedia":[{"embeddable":true,"href":"https:\/\/skylinepipes.com\/es\/wp-json\/wp\/v2\/media\/800"}],"wp:attachment":[{"href":"https:\/\/skylinepipes.com\/es\/wp-json\/wp\/v2\/media?parent=637"}],"curies":[{"name":"wp","href":"https:\/\/api.w.org\/{rel}","templated":true}]}}