{"id":12740,"date":"2024-04-29T08:04:51","date_gmt":"2024-04-29T08:04:51","guid":{"rendered":"https:\/\/skylinepipes.com\/?page_id=12740"},"modified":"2024-04-29T09:00:48","modified_gmt":"2024-04-29T09:00:48","slug":"sizes","status":"publish","type":"page","link":"https:\/\/skylinepipes.com\/es\/sizes\/","title":{"rendered":"El Tama\u00f1o De Los Productos"},"content":{"rendered":"<div class=\"\"><div class=\"\"><div class=\"\"><div class=\"\">\n<div class=\"\">&nbsp;<\/div>\n<\/div><\/div><\/div><\/div>\n\n\n\n<div class=\"\"><div class=\"\">\n<div class=\"\">\n<div class=\"\">\n<div class=\"\">This page includes the product sizes infomation of some of our popular products, including <a href=\"https:\/\/skylinepipes.com\/es\/honed-tube-sizes\/\">Hydraulic cylinder tube sizes<\/a>, <a href=\"https:\/\/skylinepipes.com\/es\/chrome-plated-bar-hydraulic-piston-rod\/\">hydraulic cylinder rod (chrome plated rod)<\/a> sizes and <a href=\"https:\/\/skylinepipes.com\/es\/chrome-plated-tubes-hollow-bars\/\">chrome plated tube<\/a> sizes.<\/div>\n<div>\u00a0<\/div>\n<div>For more details, customer also please contact us by email: sales@skylinepipes.com.<\/div>\n<\/div>\n<\/div>\n<\/div><\/div>\n\n\n<div class='pt-cv-wrapper'> <h3 class='pt-cv-heading-container heading4' data-blockid='7dr8k85x'><span class='pt-cv-heading'> Sizes of Our Popular Products <\/span><\/h3><div class=\"pt-cv-view pt-cv-blockgrid iscvblock iscvreal grid1 layout1\" id=\"pt-cv-view-7dr8k85x\"><div data-id=\"pt-cv-page-1\" class=\"pt-cv-page\" data-cvc=\"2\"><div class=\"pt-cv-content-item pt-cv-1-col\" ><div class=\"pt-cv-thumb-wrapper\"><a href=\"https:\/\/skylinepipes.com\/es\/hydraulic-cylinder-rod-sizes-hard-chrome-plated-bar-sizes\/\" class=\"_self pt-cv-href-thumbnail pt-cv-thumb-default\" target=\"_self\" ><img loading=\"lazy\" decoding=\"async\" width=\"757\" height=\"463\" src=\"https:\/\/i0.wp.com\/skylinepipes.com\/wp-content\/uploads\/2022\/09\/091122_0236_Howtochoose1.jpg?fit=757%2C463&amp;ssl=1\" class=\"pt-cv-thumbnail\" alt=\"Hard chrome plated rods \/ Hard chrome plated shafts\" srcset=\"https:\/\/i0.wp.com\/skylinepipes.com\/wp-content\/uploads\/2022\/09\/091122_0236_Howtochoose1.jpg?w=757&amp;ssl=1 757w, https:\/\/i0.wp.com\/skylinepipes.com\/wp-content\/uploads\/2022\/09\/091122_0236_Howtochoose1.jpg?resize=300%2C183&amp;ssl=1 300w, https:\/\/i0.wp.com\/skylinepipes.com\/wp-content\/uploads\/2022\/09\/091122_0236_Howtochoose1.jpg?resize=18%2C12&amp;ssl=1 18w, https:\/\/i0.wp.com\/skylinepipes.com\/wp-content\/uploads\/2022\/09\/091122_0236_Howtochoose1.jpg?resize=360%2C220&amp;ssl=1 360w\" sizes=\"auto, (max-width: 757px) 100vw, 757px\" \/><\/a><div class=\"pt-cv-taxoterm over_bottom_right\"><\/div><\/div>\n<h4 class=\"pt-cv-title\"><a href=\"https:\/\/skylinepipes.com\/es\/hydraulic-cylinder-rod-sizes-hard-chrome-plated-bar-sizes\/\" class=\"_self\" target=\"_self\" >Duro De Varilla De Acero Cromado Tama\u00f1os | Cilindro Hidr\u00e1ulico Rod Tama\u00f1os<\/a><\/h4>\n<div class=\"pt-cv-content\">\u00a0 Como uno de los principales <a href=\"https:\/\/skylinepipes.com\/es\/\">China varilla de acero cromado fabricante y proveedor<\/a>, nuestra <a href=\"https:\/\/skylinepipes.com\/es\/chrome-plated-bar-hydraulic-piston-rod\/\">varilla de acero cromado<\/a> is available in a full range of metric sizes and imperail sizes (inch sizes). Hard chrome plated rod is known as <a href=\"https:\/\/skylinepipes.com\/es\/chrome-plated-shafts\/\">cromados eje<\/a>de cromo , la varilla y la <a href=\"https:\/\/skylinepipes.com\/es\/ck45-chrome-plated-rod\/\">cromo duro bar<\/a>. This product &#8230;<\/div>\n<div class=\"pt-cv-rmwrap\"><a href=\"https:\/\/skylinepipes.com\/es\/hydraulic-cylinder-rod-sizes-hard-chrome-plated-bar-sizes\/\" class=\"_self pt-cv-readmore btn btn-success\" target=\"_self\" >Leer M\u00e1s<\/a><\/div>\n<div class=\"pt-cv-meta-fields\"><span class=\"entry-date\"> <time datetime=\"2024-04-29T06:02:41+00:00\">abril 29, 2024<\/time><\/span><span> &#8210; <\/span><span class=\"author\"> <a href=\"https:\/\/skylinepipes.com\/es\/author\/admin\/\" rel=\"author\">admin<\/a><\/span><\/div><\/div>\n<div class=\"pt-cv-content-item pt-cv-1-col\" ><div class=\"pt-cv-thumb-wrapper\"><a href=\"https:\/\/skylinepipes.com\/es\/honed-tube-sizes\/\" class=\"_self pt-cv-href-thumbnail pt-cv-thumb-default\" target=\"_self\" ><img loading=\"lazy\" decoding=\"async\" width=\"768\" height=\"308\" src=\"https:\/\/i0.wp.com\/skylinepipes.com\/wp-content\/uploads\/2018\/09\/Hone-tubes-honed-cylinder-tubing.jpg?fit=768%2C308&amp;ssl=1\" class=\"pt-cv-thumbnail\" alt=\"Hone-tubes-honed-cylinder-tubing\" srcset=\"https:\/\/i0.wp.com\/skylinepipes.com\/wp-content\/uploads\/2018\/09\/Hone-tubes-honed-cylinder-tubing.jpg?w=1920&amp;ssl=1 1920w, https:\/\/i0.wp.com\/skylinepipes.com\/wp-content\/uploads\/2018\/09\/Hone-tubes-honed-cylinder-tubing.jpg?resize=300%2C120&amp;ssl=1 300w, https:\/\/i0.wp.com\/skylinepipes.com\/wp-content\/uploads\/2018\/09\/Hone-tubes-honed-cylinder-tubing.jpg?resize=768%2C308&amp;ssl=1 768w, https:\/\/i0.wp.com\/skylinepipes.com\/wp-content\/uploads\/2018\/09\/Hone-tubes-honed-cylinder-tubing.jpg?resize=1024%2C411&amp;ssl=1 1024w, https:\/\/i0.wp.com\/skylinepipes.com\/wp-content\/uploads\/2018\/09\/Hone-tubes-honed-cylinder-tubing.jpg?resize=360%2C144&amp;ssl=1 360w\" sizes=\"auto, (max-width: 768px) 100vw, 768px\" \/><\/a><div class=\"pt-cv-taxoterm over_bottom_right\"><\/div><\/div>\n<h4 class=\"pt-cv-title\"><a href=\"https:\/\/skylinepipes.com\/es\/honed-tube-sizes\/\" class=\"_self\" target=\"_self\" >Pulido tama\u00f1o de los tubos | M\u00e9trica pulido tubo Imperial y pulido tubo<\/a><\/h4>\n<div class=\"pt-cv-content\"><a href=\"https:\/\/skylinepipes.com\/es\/honed-tube\/\">Tubo de Rectificado<\/a> sizes of Skyline Pipe are available in metric sizes and imperial sizes. As one of the leading metric honed cylinder tube suppliers and manufacturers, we produce and supply metric honed cylinder tubing with I.D from 32 mm to 800 mm, and imperial honed hydraulic cylinder tubes with ID &#8230;<\/div>\n<div class=\"pt-cv-rmwrap\"><a href=\"https:\/\/skylinepipes.com\/es\/honed-tube-sizes\/\" class=\"_self pt-cv-readmore btn btn-success\" target=\"_self\" >Leer M\u00e1s<\/a><\/div>\n<div class=\"pt-cv-meta-fields\"><span class=\"entry-date\"> <time datetime=\"2018-07-05T13:25:34+00:00\">julio 5, 2018<\/time><\/span><span> &#8210; <\/span><span class=\"author\"> <a href=\"https:\/\/skylinepipes.com\/es\/author\/admin\/\" rel=\"author\">admin<\/a><\/span><\/div><\/div><\/div><\/div> <\/div> <style>\n\n#pt-cv-view-7dr8k85x .pt-cv-meta-fields {  }#pt-cv-view-7dr8k85x .pt-cv-meta-fields * { font-size: 13px; }#pt-cv-view-7dr8k85x .pt-cv-thumb-wrapper:not(.miniwrap) {  }#pt-cv-view-7dr8k85x .pt-cv-thumbnail:not(.pt-cv-thumbnailsm) { height: 300px; }#pt-cv-view-7dr8k85x .pt-cv-title a { display: block; }#pt-cv-view-7dr8k85x .pt-cv-title:not(.pt-cv-titlesm) a { font-weight: 600;text-decoration: none;font-size: 20px; }#pt-cv-view-7dr8k85x .pt-cv-titlesm a { font-weight: 600;font-size: 18px; }#pt-cv-view-7dr8k85x .pt-cv-content { font-size: 15px; }#pt-cv-view-7dr8k85x .pt-cv-rmwrap {  }#pt-cv-view-7dr8k85x .pt-cv-readmore { color: #fff;background-color: #0075ff;font-size: 14px; }#pt-cv-view-7dr8k85x .pt-cv-taxoterm {  }#pt-cv-view-7dr8k85x .pt-cv-taxoterm * { color: #222;background-color: #fff6f6;font-size: 14px; }#pt-cv-view-7dr8k85x + .pt-cv-pagination-wrapper {  }#pt-cv-view-7dr8k85x + .pt-cv-pagination-wrapper a { font-size: 14px; }#pt-cv-view-7dr8k85x > .pt-cv-page {grid-template-columns: repeat(2, 1fr);grid-gap: 20px;}\n@media all and (max-width: 1024px) { \n#pt-cv-view-7dr8k85x > .pt-cv-page {grid-template-columns: repeat(2, 1fr);}\n} \n@media all and (max-width: 767px) { \n#pt-cv-view-7dr8k85x > .pt-cv-page {grid-template-columns: repeat(1, 1fr);}\n} <\/style>","protected":false},"excerpt":{"rendered":"<p>&nbsp; This page includes the product sizes infomation of some of our popular products, including Hydraulic cylinder tube sizes, hydraulic cylinder rod (chrome plated rod) sizes and chrome plated tube sizes. \u00a0 For more details, customer also please contact us by email: sales@skylinepipes.com.<\/p>","protected":false},"author":1,"featured_media":0,"parent":0,"menu_order":0,"comment_status":"closed","ping_status":"closed","template":"","meta":{"nf_dc_page":"","_monsterinsights_skip_tracking":false,"_monsterinsights_sitenote_active":false,"_monsterinsights_sitenote_note":"","_monsterinsights_sitenote_category":0,"jetpack_post_was_ever_published":false,"footnotes":""},"class_list":["post-12740","page","type-page","status-publish"],"jetpack_sharing_enabled":true,"jetpack_shortlink":"https:\/\/wp.me\/P9PcUV-3ju","jetpack-related-posts":[{"id":569,"url":"https:\/\/skylinepipes.com\/es\/honed-tube-manufacturer\/","url_meta":{"origin":12740,"position":0},"title":"Manufactuer of Honed tube, chrome plated bar, customized hydraulic cylinders, telescopic cylinders.","author":"admin","date":"julio 3, 2018","format":false,"excerpt":"As the leading China hydraulic cylinder and hydraulic cylinder material manufacturer and supplier, Skyline Precision Steel Pipe Manufacturing Co., Ltd produces and supplies high precision steel honed tubes, honed tubing, chrome plated bar, chrome plated tubes, full hydraulic cylinders and hydraulic cylinder parts for hydraulic applications for nearly 30 years.Our\u2026","rel":"","context":"Entrada similar","block_context":{"text":"Entrada similar","link":""},"img":{"alt_text":"Honed-tube-manufacturer-honed-tube-suppliers","src":"https:\/\/i0.wp.com\/skylinepipes.com\/wp-content\/uploads\/2019\/09\/Honed-tube-manufacturer-honed-tube-suppliers.jpg?fit=815%2C326&ssl=1&resize=350%2C200","width":350,"height":200,"srcset":"https:\/\/i0.wp.com\/skylinepipes.com\/wp-content\/uploads\/2019\/09\/Honed-tube-manufacturer-honed-tube-suppliers.jpg?fit=815%2C326&ssl=1&resize=350%2C200 1x, https:\/\/i0.wp.com\/skylinepipes.com\/wp-content\/uploads\/2019\/09\/Honed-tube-manufacturer-honed-tube-suppliers.jpg?fit=815%2C326&ssl=1&resize=525%2C300 1.5x, https:\/\/i0.wp.com\/skylinepipes.com\/wp-content\/uploads\/2019\/09\/Honed-tube-manufacturer-honed-tube-suppliers.jpg?fit=815%2C326&ssl=1&resize=700%2C400 2x"},"classes":[]},{"id":12103,"url":"https:\/\/skylinepipes.com\/es\/who-are-the-honed-tube-suppliers-near-mexico\/","url_meta":{"origin":12740,"position":1},"title":"Who are the Honed tube suppliers near Mexico\uff1f","author":"admin","date":"marzo 13, 2023","format":false,"excerpt":"\u00a0 Honed tube is widely used as hydraulic cylinder barrel to produce and repair hydraulic cylinders and pneumatic cylinders, which are widely used in many different machines. There are a lot of machinery manufacturing companies in Mexico, including some hydraulic cylinder manufacturers. So the Mexico companies use a huge number\u2026","rel":"","context":"Entrada similar","block_context":{"text":"Entrada similar","link":""},"img":{"alt_text":"hydraulic cylinder tubes, honed tubes","src":"https:\/\/i0.wp.com\/skylinepipes.com\/wp-content\/uploads\/2023\/03\/MLU5S1T3P0%40EEXNDOYB.png?resize=350%2C200&ssl=1","width":350,"height":200,"srcset":"https:\/\/i0.wp.com\/skylinepipes.com\/wp-content\/uploads\/2023\/03\/MLU5S1T3P0%40EEXNDOYB.png?resize=350%2C200&ssl=1 1x, https:\/\/i0.wp.com\/skylinepipes.com\/wp-content\/uploads\/2023\/03\/MLU5S1T3P0%40EEXNDOYB.png?resize=525%2C300&ssl=1 1.5x, https:\/\/i0.wp.com\/skylinepipes.com\/wp-content\/uploads\/2023\/03\/MLU5S1T3P0%40EEXNDOYB.png?resize=700%2C400&ssl=1 2x"},"classes":[]},{"id":12114,"url":"https:\/\/skylinepipes.com\/es\/who-are-the-honed-tube-suppliers-near-belarus\/","url_meta":{"origin":12740,"position":2},"title":"Who are the Honed tube suppliers near Belarus?","author":"admin","date":"marzo 13, 2023","format":false,"excerpt":"Honed tube is extensively utilized as hydraulic cylinder barrel for producing and repairing hydraulic and pneumatic cylinders, which are integral components of numerous machines. Belarus boasts a significant number of machinery manufacturing companies, including renowned hydraulic cylinder manufacturers. Consequently, these companies require a substantial volume of honed tubes annually. To\u2026","rel":"","context":"Entrada similar","block_context":{"text":"Entrada similar","link":""},"img":{"alt_text":"honed tube suppliers, chrome plated bar supplier","src":"https:\/\/i0.wp.com\/skylinepipes.com\/wp-content\/uploads\/2023\/03\/1B%40OA_CS%40D_5%4027EMT.jpg?resize=350%2C200&ssl=1","width":350,"height":200,"srcset":"https:\/\/i0.wp.com\/skylinepipes.com\/wp-content\/uploads\/2023\/03\/1B%40OA_CS%40D_5%4027EMT.jpg?resize=350%2C200&ssl=1 1x, https:\/\/i0.wp.com\/skylinepipes.com\/wp-content\/uploads\/2023\/03\/1B%40OA_CS%40D_5%4027EMT.jpg?resize=525%2C300&ssl=1 1.5x, https:\/\/i0.wp.com\/skylinepipes.com\/wp-content\/uploads\/2023\/03\/1B%40OA_CS%40D_5%4027EMT.jpg?resize=700%2C400&ssl=1 2x, https:\/\/i0.wp.com\/skylinepipes.com\/wp-content\/uploads\/2023\/03\/1B%40OA_CS%40D_5%4027EMT.jpg?resize=1050%2C600&ssl=1 3x, https:\/\/i0.wp.com\/skylinepipes.com\/wp-content\/uploads\/2023\/03\/1B%40OA_CS%40D_5%4027EMT.jpg?resize=1400%2C800&ssl=1 4x"},"classes":[]},{"id":846,"url":"https:\/\/skylinepipes.com\/es\/chrome-plated-tubes-hollow-bars\/","url_meta":{"origin":12740,"position":3},"title":"Cromado tubo | Cromado barra hueca | Cromado tubo de acero de la F\u00e1brica del proveedor","author":"admin","date":"noviembre 30, 2018","format":false,"excerpt":"Chrome plated tubing general IntroductionChrome plated tubing usually refers to the chrome plated OD tubing, it is known as chrome plated hollow bar also, and this is another important material than chrome plated rod\u00a0to manufacture the hydraulic piston rods. With chrome plated tube, people can greatly reduce the weight of\u2026","rel":"","context":"Entrada similar","block_context":{"text":"Entrada similar","link":""},"img":{"alt_text":"Chrome-plated-tube, chrome plated tubing, chrome plated hollow bar","src":"https:\/\/i0.wp.com\/skylinepipes.com\/wp-content\/uploads\/2018\/11\/Chrome-plated-tube-1.jpg?fit=1146%2C284&ssl=1&resize=350%2C200","width":350,"height":200,"srcset":"https:\/\/i0.wp.com\/skylinepipes.com\/wp-content\/uploads\/2018\/11\/Chrome-plated-tube-1.jpg?fit=1146%2C284&ssl=1&resize=350%2C200 1x, https:\/\/i0.wp.com\/skylinepipes.com\/wp-content\/uploads\/2018\/11\/Chrome-plated-tube-1.jpg?fit=1146%2C284&ssl=1&resize=525%2C300 1.5x, https:\/\/i0.wp.com\/skylinepipes.com\/wp-content\/uploads\/2018\/11\/Chrome-plated-tube-1.jpg?fit=1146%2C284&ssl=1&resize=700%2C400 2x, https:\/\/i0.wp.com\/skylinepipes.com\/wp-content\/uploads\/2018\/11\/Chrome-plated-tube-1.jpg?fit=1146%2C284&ssl=1&resize=1050%2C600 3x"},"classes":[]},{"id":635,"url":"https:\/\/skylinepipes.com\/es\/chrome-plated-bar-hydraulic-piston-rod\/","url_meta":{"origin":12740,"position":4},"title":"Varilla de acero cromado| Eje Cromado| Varilla del cilindro Cromado","author":"admin","date":"julio 5, 2018","format":false,"excerpt":"Chrome plated rod \/ chrome plated bar general introductionChrome Plated Rod \/ Chrome plated bar is usually manufactured from cold rolled or hot rolled carbon steel round bars, by using high precision centerless grinding and polishing methods, and then chrome plated to a min. plating thickness of 20 microns (which\u2026","rel":"","context":"Entrada similar","block_context":{"text":"Entrada similar","link":""},"img":{"alt_text":"chrome-plated-bar,hard-hydraulic-piston-rods","src":"https:\/\/i0.wp.com\/skylinepipes.com\/wp-content\/uploads\/2018\/09\/chrome-plated-barhard-hydraulic-piston-rod1.jpg?fit=1200%2C350&ssl=1&resize=350%2C200","width":350,"height":200,"srcset":"https:\/\/i0.wp.com\/skylinepipes.com\/wp-content\/uploads\/2018\/09\/chrome-plated-barhard-hydraulic-piston-rod1.jpg?fit=1200%2C350&ssl=1&resize=350%2C200 1x, https:\/\/i0.wp.com\/skylinepipes.com\/wp-content\/uploads\/2018\/09\/chrome-plated-barhard-hydraulic-piston-rod1.jpg?fit=1200%2C350&ssl=1&resize=525%2C300 1.5x, https:\/\/i0.wp.com\/skylinepipes.com\/wp-content\/uploads\/2018\/09\/chrome-plated-barhard-hydraulic-piston-rod1.jpg?fit=1200%2C350&ssl=1&resize=700%2C400 2x, https:\/\/i0.wp.com\/skylinepipes.com\/wp-content\/uploads\/2018\/09\/chrome-plated-barhard-hydraulic-piston-rod1.jpg?fit=1200%2C350&ssl=1&resize=1050%2C600 3x"},"classes":[]},{"id":12726,"url":"https:\/\/skylinepipes.com\/es\/hydraulic-cylinder-rod-sizes-hard-chrome-plated-bar-sizes\/","url_meta":{"origin":12740,"position":5},"title":"Duro De Varilla De Acero Cromado Tama\u00f1os | Cilindro Hidr\u00e1ulico Rod Tama\u00f1os","author":"admin","date":"abril 29, 2024","format":false,"excerpt":"\u00a0 As one of the leading China chrome plated rod manufacturer & supplier, our chrome plated rod is available in a full range of metric sizes and imperail sizes (inch sizes). Hard chrome plated rod is known as hard chrome plated shaft, chrome rod and hard chrome bar. This product\u2026","rel":"","context":"Entrada similar","block_context":{"text":"Entrada similar","link":""},"img":{"alt_text":"Hard chrome plated rods \/ Hard chrome plated shafts","src":"https:\/\/i0.wp.com\/skylinepipes.com\/wp-content\/uploads\/2022\/09\/091122_0236_Howtochoose1.jpg?fit=757%2C463&ssl=1&resize=350%2C200","width":350,"height":200,"srcset":"https:\/\/i0.wp.com\/skylinepipes.com\/wp-content\/uploads\/2022\/09\/091122_0236_Howtochoose1.jpg?fit=757%2C463&ssl=1&resize=350%2C200 1x, https:\/\/i0.wp.com\/skylinepipes.com\/wp-content\/uploads\/2022\/09\/091122_0236_Howtochoose1.jpg?fit=757%2C463&ssl=1&resize=525%2C300 1.5x, https:\/\/i0.wp.com\/skylinepipes.com\/wp-content\/uploads\/2022\/09\/091122_0236_Howtochoose1.jpg?fit=757%2C463&ssl=1&resize=700%2C400 2x"},"classes":[]}],"_links":{"self":[{"href":"https:\/\/skylinepipes.com\/es\/wp-json\/wp\/v2\/pages\/12740","targetHints":{"allow":["GET"]}}],"collection":[{"href":"https:\/\/skylinepipes.com\/es\/wp-json\/wp\/v2\/pages"}],"about":[{"href":"https:\/\/skylinepipes.com\/es\/wp-json\/wp\/v2\/types\/page"}],"author":[{"embeddable":true,"href":"https:\/\/skylinepipes.com\/es\/wp-json\/wp\/v2\/users\/1"}],"replies":[{"embeddable":true,"href":"https:\/\/skylinepipes.com\/es\/wp-json\/wp\/v2\/comments?post=12740"}],"version-history":[{"count":5,"href":"https:\/\/skylinepipes.com\/es\/wp-json\/wp\/v2\/pages\/12740\/revisions"}],"predecessor-version":[{"id":12762,"href":"https:\/\/skylinepipes.com\/es\/wp-json\/wp\/v2\/pages\/12740\/revisions\/12762"}],"wp:attachment":[{"href":"https:\/\/skylinepipes.com\/es\/wp-json\/wp\/v2\/media?parent=12740"}],"curies":[{"name":"wp","href":"https:\/\/api.w.org\/{rel}","templated":true}]}}